{"id":52,"date":"2021-04-16T13:48:39","date_gmt":"2021-04-16T13:48:39","guid":{"rendered":"https:\/\/icsibf.uob.edu.bh\/2021\/?page_id=52"},"modified":"2021-10-14T13:54:42","modified_gmt":"2021-10-14T13:54:42","slug":"committees","status":"publish","type":"page","link":"https:\/\/icsibf.uob.edu.bh\/2021\/committees\/","title":{"rendered":"Committees"},"content":{"rendered":"\n<p><strong>Conference Chairperson<\/strong><br><em><em>Dr.\u00a0Jawaher\u00a0Shaheen Al Mudhahki<\/em><\/em>, President of University of Bahrain<\/p>\n\n\n\n<p><strong>Steering committee<\/strong><br><em>Dr. Mohamed R. Qader<\/em>, Dean of Graduate Studies &amp; Scientific Research, University of Bahrain<br><em>Prof. Mohammad El-Hilo,&nbsp;<\/em>Dean of the College of Science, University of Bahrain<br><em>Prof. Hatem Masri,&nbsp;<\/em>Dean of College of Business Administration, University of Bahrain<br><em>Dr. Salah Mohammed,&nbsp;<\/em>Dean of the College of Law, University of Bahrain<\/p>\n\n\n\n<p><strong>Organizing Committee:<\/strong><br>Chair: <em><em>Dr. Abdulrahman Al-Saadi<\/em>, College of Business Administration, University of Bahrain<\/em><br><em>Dr. Fareed Hedi<\/em>, College of Business Administration, University of Bahrain<br><em>Dr. Mohamed Omar Farooq<\/em>, College of Business Administration, University of Bahrain<br><em>Dr. Gokhan Bora Aktan<\/em>, College of Business Administration, University of Bahrain<br><em>Dr. Ahmed Al-Khan<\/em>, College of Business Administration, University of Bahrain<br><em>Dr. Mariam Al-Mannai<\/em>, College of Sciences, University of Bahrain<br><em>Dr. Douha Al-Nooman<\/em>, College of Law, University of Bahrain<br><em>Dr. Hanan Al-Mawla<\/em>, College of Law, University of Bahrain <\/p>\n\n\n\n<p><strong>Publication Committee:<\/strong><br>Chair:&nbsp;<em>Dr. Sawsan Hilal<\/em>, College of Science, University of Bahrain<br><em>Dr. Wael Elmadany<\/em>, College of Information Technology, University of Bahrain<br><em>Dr. Abdulla&nbsp; Alqaddoumi<\/em>, College of Information Technology, University of Bahrain<br><em>Dr.<\/em>&nbsp;<em>Hessa AlFadhel<\/em>, College of Business Administration, University of Bahrain<\/p>\n\n\n\n<p><strong>IEEE<\/strong> <strong>Technical Program Committee<\/strong>:<br><em>Husham Mahmood Ahmed<\/em>, IEEE Bahrain<br>Adel Abdulla, IEEE Bahrain<br><em>Tara&nbsp;Henari<\/em> , IEEE Bahrain<br><em>Nani Mohammed Buti<\/em>, , IEEE Bahrain<br><em>Sherin&nbsp;Mohammed Saleh Wahedi<\/em>, , IEEE Bahrain<\/p>\n\n\n\n<p><strong>Scientific Committee (TBC):<\/strong><\/p>\n\n\n\n<ul class=\"wp-block-list\"><li>Sok-Gee Chan &#8211; University of Malaya, Malaysia<\/li><li>Sa\u0161a \u017dikovi\u0107- University of Rijeka, Croatia<\/li><li>Ahmed A. El-Masry: Coventry University, UK<\/li><li>Farkhanda Shamim, University of Guelph Humber, Canada<\/li><li>Abdul Waheed, University of Karachi, Pakistan<\/li><li>Fuad M. Kreishan, Al-Hussein Bin Talal University, Jordan<\/li><li>Vedapuri Raghavan, Embry-Riddle Aeronautical University, Florida, US<\/li><li>Sutan Emir Hidayat\u2013 International Open University, Indonesia<\/li><li>Khamis Hamed Al-Yahyaee \u2013 Sultan Qaboos University, Oman<\/li><li>Aydin Ozkan \u2013 Bradford University, UK<\/li><li>Manuela Tvaronavi\u010dien\u0117, Vilnius Gediminas Technical University, Lithuania<\/li><li>Mondher Bellalah \u2013 University of Cergy, France<\/li><li>Bruce Burton \u2013 University of Dundee, UK<\/li><li>Rifki Ismail, Tazkia School of Islamic Economics, Indonesia<\/li><li>Omar Masood \u2013 University of Lahor, Pakistan<\/li><li>Irina A. Z. Aidrous \u2013 People&#8217;s Friendship University of Russia, Russia<\/li><li>Umair Riaz &#8211; Aston University, UK<\/li><li>Edip Teker &#8211; Yasar University, Turkey<\/li><li>Anwar Halari \u2013 The Open University, UK<\/li><li>Igor Pustylnick &#8211; Swiss Management Center, Switzerland<\/li><li>Ai Kawamura \u2013 Kyoto University, Japan<\/li><li>Yener Coskun &#8211; Capital Markets Board, Turkey<\/li><\/ul>\n","protected":false},"excerpt":{"rendered":"<p>Conference ChairpersonDr.\u00a0Jawaher\u00a0Shaheen Al Mudhahki, President of University of Bahrain Steering committeeDr. Mohamed R. Qader, Dean of Graduate Studies &amp; Scientific Research, University of BahrainProf. Mohammad El-Hilo,&nbsp;Dean of the College of Science, University of BahrainProf. Hatem Masri,&nbsp;Dean of College of Business Administration, University of BahrainDr. Salah Mohammed,&nbsp;Dean of the College of Law, University of Bahrain Organizing &hellip; <\/p>\n<p class=\"link-more\"><a href=\"https:\/\/icsibf.uob.edu.bh\/2021\/committees\/\" class=\"more-link\">Continue reading<span class=\"screen-reader-text\"> &#8220;Committees&#8221;<\/span><\/a><\/p>\n","protected":false},"author":2,"featured_media":0,"parent":0,"menu_order":0,"comment_status":"closed","ping_status":"closed","template":"","meta":{"footnotes":""},"class_list":["post-52","page","type-page","status-publish","hentry"],"_links":{"self":[{"href":"https:\/\/icsibf.uob.edu.bh\/2021\/wp-json\/wp\/v2\/pages\/52","targetHints":{"allow":["GET"]}}],"collection":[{"href":"https:\/\/icsibf.uob.edu.bh\/2021\/wp-json\/wp\/v2\/pages"}],"about":[{"href":"https:\/\/icsibf.uob.edu.bh\/2021\/wp-json\/wp\/v2\/types\/page"}],"author":[{"embeddable":true,"href":"https:\/\/icsibf.uob.edu.bh\/2021\/wp-json\/wp\/v2\/users\/2"}],"replies":[{"embeddable":true,"href":"https:\/\/icsibf.uob.edu.bh\/2021\/wp-json\/wp\/v2\/comments?post=52"}],"version-history":[{"count":7,"href":"https:\/\/icsibf.uob.edu.bh\/2021\/wp-json\/wp\/v2\/pages\/52\/revisions"}],"predecessor-version":[{"id":88,"href":"https:\/\/icsibf.uob.edu.bh\/2021\/wp-json\/wp\/v2\/pages\/52\/revisions\/88"}],"wp:attachment":[{"href":"https:\/\/icsibf.uob.edu.bh\/2021\/wp-json\/wp\/v2\/media?parent=52"}],"curies":[{"name":"wp","href":"https:\/\/api.w.org\/{rel}","templated":true}]}}